{"id":110,"date":"2016-06-19T14:19:18","date_gmt":"2016-06-19T14:19:18","guid":{"rendered":"http:\/\/financebank.saturnthemes.com\/?page_id=110"},"modified":"2018-02-11T15:58:15","modified_gmt":"2018-02-11T14:58:15","slug":"kontakt","status":"publish","type":"page","link":"https:\/\/www.off-market-sw.de\/index.php\/kontakt\/","title":{"rendered":"Kontakt"},"content":{"rendered":"<p>[vc_row][vc_column][vc_empty_space height=&#8220;100px&#8220;][\/vc_column][\/vc_row][vc_row css=&#8220;.vc_custom_1466438655236{margin-top: 25px !important;}&#8220;][vc_column css=&#8220;.vc_custom_1518352818501{padding-right: 320px !important;padding-left: 320px !important;}&#8220; offset=&#8220;vc_hidden-md vc_hidden-sm vc_hidden-xs&#8220;][vc_custom_heading text=&#8220;Kontaktformular&#8220; font_container=&#8220;tag:h2|font_size:24px|text_align:left|color:%231f1f1f|line_height:1&#8243; use_theme_fonts=&#8220;yes&#8220; font_weight=&#8220;700&#8243; text_transform=&#8220;none&#8220; has_icon=&#8220;yes&#8220; css=&#8220;.vc_custom_1518352903742{margin-bottom: 30px !important;}&#8220;]\n<div class=\"wpcf7 no-js\" id=\"wpcf7-f125-o1\" lang=\"en-US\" dir=\"ltr\" data-wpcf7-id=\"125\">\n<div class=\"screen-reader-response\"><p role=\"status\" aria-live=\"polite\" aria-atomic=\"true\"><\/p> <ul><\/ul><\/div>\n<form action=\"\/index.php\/wp-json\/wp\/v2\/pages\/110#wpcf7-f125-o1\" method=\"post\" class=\"wpcf7-form init\" aria-label=\"Contact form\" novalidate=\"novalidate\" data-status=\"init\">\n<fieldset class=\"hidden-fields-container\"><input type=\"hidden\" name=\"_wpcf7\" value=\"125\" \/><input type=\"hidden\" name=\"_wpcf7_version\" value=\"6.1.4\" \/><input type=\"hidden\" name=\"_wpcf7_locale\" value=\"en_US\" \/><input type=\"hidden\" name=\"_wpcf7_unit_tag\" value=\"wpcf7-f125-o1\" \/><input type=\"hidden\" name=\"_wpcf7_container_post\" value=\"0\" \/><input type=\"hidden\" name=\"_wpcf7_posted_data_hash\" value=\"\" \/>\n<\/fieldset>\n<div class=\"form-feedback\">\n\t<div class=\"row\">\n\t\t<div class=\"col-sm-6\">\n\t\t\t<p><span class=\"wpcf7-form-control-wrap\" data-name=\"your-name\"><input size=\"40\" maxlength=\"400\" class=\"wpcf7-form-control wpcf7-text wpcf7-validates-as-required\" aria-required=\"true\" aria-invalid=\"false\" placeholder=\"Ihr Name\" value=\"\" type=\"text\" name=\"your-name\" \/><\/span><br \/>\n<span class=\"wpcf7-form-control-wrap\" data-name=\"your-email\"><input size=\"40\" maxlength=\"400\" class=\"wpcf7-form-control wpcf7-email wpcf7-validates-as-required wpcf7-text wpcf7-validates-as-email\" aria-required=\"true\" aria-invalid=\"false\" placeholder=\"Ihre Email\" value=\"\" type=\"email\" name=\"your-email\" \/><\/span><br \/>\n<span class=\"wpcf7-form-control-wrap\" data-name=\"phone-number\"><input size=\"40\" maxlength=\"400\" class=\"wpcf7-form-control wpcf7-text\" aria-invalid=\"false\" placeholder=\"Ihre Telefonummer\" value=\"\" type=\"text\" name=\"phone-number\" \/><\/span>\n\t\t\t<\/p>\n\t\t<\/div>\n\t\t<div class=\"col-sm-6\">\n\t\t\t<p><span class=\"wpcf7-form-control-wrap\" data-name=\"your-message\"><textarea cols=\"40\" rows=\"10\" maxlength=\"2000\" class=\"wpcf7-form-control wpcf7-textarea\" aria-invalid=\"false\" placeholder=\"Ihre Nachricht\" name=\"your-message\"><\/textarea><\/span><br \/>\nBitte beachten Sie unsere <a href=\"https:\/\/www.off-market-sw.de\/index.php\/datenschutzerklaerung\/\"> >> Datenschutzerkl\u00e4rung<\/a>\n\t\t\t<\/p>\n\t\t\t<p><span class=\"form-rcb-submit-wrapper\"><input class=\"wpcf7-form-control wpcf7-submit has-spinner secondary-background-color\" type=\"submit\" value=\"Jetzt senden\" \/><i class=\"fa fa-chevron-right\"><\/i><\/span>\n\t\t\t<\/p>\n\t\t<\/div>\n\t<\/div>\n<\/div><div class=\"wpcf7-response-output\" aria-hidden=\"true\"><\/div>\n<\/form>\n<\/div>\n[\/vc_column][\/vc_row][vc_row css=&#8220;.vc_custom_1466438655236{margin-top: 25px !important;}&#8220;][vc_column offset=&#8220;vc_hidden-lg&#8220;][vc_custom_heading text=&#8220;Kontaktformular&#8220; font_container=&#8220;tag:h2|font_size:24px|text_align:left|color:%231f1f1f|line_height:1&#8243; use_theme_fonts=&#8220;yes&#8220; font_weight=&#8220;700&#8243; text_transform=&#8220;none&#8220; has_icon=&#8220;yes&#8220; css=&#8220;.vc_custom_1518352916411{margin-bottom: 30px !important;}&#8220;]\n<div class=\"wpcf7 no-js\" id=\"wpcf7-f125-o2\" lang=\"en-US\" dir=\"ltr\" data-wpcf7-id=\"125\">\n<div class=\"screen-reader-response\"><p role=\"status\" aria-live=\"polite\" aria-atomic=\"true\"><\/p> <ul><\/ul><\/div>\n<form action=\"\/index.php\/wp-json\/wp\/v2\/pages\/110#wpcf7-f125-o2\" method=\"post\" class=\"wpcf7-form init\" aria-label=\"Contact form\" novalidate=\"novalidate\" data-status=\"init\">\n<fieldset class=\"hidden-fields-container\"><input type=\"hidden\" name=\"_wpcf7\" value=\"125\" \/><input type=\"hidden\" name=\"_wpcf7_version\" value=\"6.1.4\" \/><input type=\"hidden\" name=\"_wpcf7_locale\" value=\"en_US\" \/><input type=\"hidden\" name=\"_wpcf7_unit_tag\" value=\"wpcf7-f125-o2\" \/><input type=\"hidden\" name=\"_wpcf7_container_post\" value=\"0\" \/><input type=\"hidden\" name=\"_wpcf7_posted_data_hash\" value=\"\" \/>\n<\/fieldset>\n<div class=\"form-feedback\">\n\t<div class=\"row\">\n\t\t<div class=\"col-sm-6\">\n\t\t\t<p><span class=\"wpcf7-form-control-wrap\" data-name=\"your-name\"><input size=\"40\" maxlength=\"400\" class=\"wpcf7-form-control wpcf7-text wpcf7-validates-as-required\" aria-required=\"true\" aria-invalid=\"false\" placeholder=\"Ihr Name\" value=\"\" type=\"text\" name=\"your-name\" \/><\/span><br \/>\n<span class=\"wpcf7-form-control-wrap\" data-name=\"your-email\"><input size=\"40\" maxlength=\"400\" class=\"wpcf7-form-control wpcf7-email wpcf7-validates-as-required wpcf7-text wpcf7-validates-as-email\" aria-required=\"true\" aria-invalid=\"false\" placeholder=\"Ihre Email\" value=\"\" type=\"email\" name=\"your-email\" \/><\/span><br \/>\n<span class=\"wpcf7-form-control-wrap\" data-name=\"phone-number\"><input size=\"40\" maxlength=\"400\" class=\"wpcf7-form-control wpcf7-text\" aria-invalid=\"false\" placeholder=\"Ihre Telefonummer\" value=\"\" type=\"text\" name=\"phone-number\" \/><\/span>\n\t\t\t<\/p>\n\t\t<\/div>\n\t\t<div class=\"col-sm-6\">\n\t\t\t<p><span class=\"wpcf7-form-control-wrap\" data-name=\"your-message\"><textarea cols=\"40\" rows=\"10\" maxlength=\"2000\" class=\"wpcf7-form-control wpcf7-textarea\" aria-invalid=\"false\" placeholder=\"Ihre Nachricht\" name=\"your-message\"><\/textarea><\/span><br \/>\nBitte beachten Sie unsere <a href=\"https:\/\/www.off-market-sw.de\/index.php\/datenschutzerklaerung\/\"> >> Datenschutzerkl\u00e4rung<\/a>\n\t\t\t<\/p>\n\t\t\t<p><span class=\"form-rcb-submit-wrapper\"><input class=\"wpcf7-form-control wpcf7-submit has-spinner secondary-background-color\" type=\"submit\" value=\"Jetzt senden\" \/><i class=\"fa fa-chevron-right\"><\/i><\/span>\n\t\t\t<\/p>\n\t\t<\/div>\n\t<\/div>\n<\/div><div class=\"wpcf7-response-output\" aria-hidden=\"true\"><\/div>\n<\/form>\n<\/div>\n[\/vc_column][\/vc_row][vc_row][vc_column][vc_empty_space height=&#8220;100px&#8220;][\/vc_column][\/vc_row]<\/p>\n","protected":false},"excerpt":{"rendered":"<p>[vc_row][vc_column][vc_empty_space height=&#8220;100px&#8220;][\/vc_column][\/vc_row][vc_row css=&#8220;.vc_custom_1466438655236{margin-top: 25px !important;}&#8220;][vc_column css=&#8220;.vc_custom_1518352818501{padding-right: 320px !important;padding-left: 320px !important;}&#8220; offset=&#8220;vc_hidden-md vc_hidden-sm vc_hidden-xs&#8220;][vc_custom_heading text=&#8220;Kontaktformular&#8220; font_container=&#8220;tag:h2|font_size:24px|text_align:left|color:%231f1f1f|line_height:1&#8243; use_theme_fonts=&#8220;yes&#8220; font_weight=&#8220;700&#8243; text_transform=&#8220;none&#8220; has_icon=&#8220;yes&#8220; css=&#8220;.vc_custom_1518352903742{margin-bottom: 30px !important;}&#8220;][\/vc_column][\/vc_row][vc_row css=&#8220;.vc_custom_1466438655236{margin-top: 25px !important;}&#8220;][vc_column offset=&#8220;vc_hidden-lg&#8220;][vc_custom_heading text=&#8220;Kontaktformular&#8220; font_container=&#8220;tag:h2|font_size:24px|text_align:left|color:%231f1f1f|line_height:1&#8243; use_theme_fonts=&#8220;yes&#8220; font_weight=&#8220;700&#8243; text_transform=&#8220;none&#8220; has_icon=&#8220;yes&#8220; css=&#8220;.vc_custom_1518352916411{margin-bottom: 30px !important;}&#8220;][\/vc_column][\/vc_row][vc_row][vc_column][vc_empty_space height=&#8220;100px&#8220;][\/vc_column][\/vc_row]<\/p>\n","protected":false},"author":1,"featured_media":0,"parent":0,"menu_order":0,"comment_status":"closed","ping_status":"closed","template":"","meta":{"footnotes":""},"class_list":["post-110","page","type-page","status-publish","hentry"],"yoast_head":"<!-- This site is optimized with the Yoast SEO plugin v26.6 - https:\/\/yoast.com\/wordpress\/plugins\/seo\/ -->\n<title>Kontakt | Diskrete Immobilienvermittlung<\/title>\n<meta name=\"description\" content=\"Imobilienvermittlung von Mehrfamilienh\u00e4user, Wohn und Gesch\u00e4ftsh\u00e4user, Wohnanlagen Gewerbeobjekte \u2013 Einkaufszentren, Produktionsobjekte, Logistikfl\u00e4chen, Kontakt hier!\" \/>\n<meta name=\"robots\" content=\"index, follow, max-snippet:-1, max-image-preview:large, max-video-preview:-1\" \/>\n<link rel=\"canonical\" href=\"https:\/\/www.off-market-sw.de\/index.php\/kontakt\/\" \/>\n<meta property=\"og:locale\" content=\"de_DE\" \/>\n<meta property=\"og:type\" content=\"article\" \/>\n<meta property=\"og:title\" content=\"Kontakt | Diskrete Immobilienvermittlung\" \/>\n<meta property=\"og:description\" content=\"Imobilienvermittlung von Mehrfamilienh\u00e4user, Wohn und Gesch\u00e4ftsh\u00e4user, Wohnanlagen Gewerbeobjekte \u2013 Einkaufszentren, Produktionsobjekte, Logistikfl\u00e4chen, Kontakt hier!\" \/>\n<meta property=\"og:url\" content=\"https:\/\/www.off-market-sw.de\/index.php\/kontakt\/\" \/>\n<meta property=\"og:site_name\" content=\"Off-Market S\u00fcdWest Deutschland\" \/>\n<meta property=\"article:modified_time\" content=\"2018-02-11T14:58:15+00:00\" \/>\n<meta name=\"twitter:card\" content=\"summary_large_image\" \/>\n<meta name=\"twitter:label1\" content=\"Gesch\u00e4tzte Lesezeit\" \/>\n\t<meta name=\"twitter:data1\" content=\"1\u00a0Minute\" \/>\n<script type=\"application\/ld+json\" class=\"yoast-schema-graph\">{\"@context\":\"https:\/\/schema.org\",\"@graph\":[{\"@type\":\"WebPage\",\"@id\":\"https:\/\/www.off-market-sw.de\/index.php\/kontakt\/\",\"url\":\"https:\/\/www.off-market-sw.de\/index.php\/kontakt\/\",\"name\":\"Kontakt | Diskrete Immobilienvermittlung\",\"isPartOf\":{\"@id\":\"https:\/\/www.off-market-sw.de\/#website\"},\"datePublished\":\"2016-06-19T14:19:18+00:00\",\"dateModified\":\"2018-02-11T14:58:15+00:00\",\"description\":\"Imobilienvermittlung von Mehrfamilienh\u00e4user, Wohn und Gesch\u00e4ftsh\u00e4user, Wohnanlagen Gewerbeobjekte \u2013 Einkaufszentren, Produktionsobjekte, Logistikfl\u00e4chen, Kontakt hier!\",\"breadcrumb\":{\"@id\":\"https:\/\/www.off-market-sw.de\/index.php\/kontakt\/#breadcrumb\"},\"inLanguage\":\"de\",\"potentialAction\":[{\"@type\":\"ReadAction\",\"target\":[\"https:\/\/www.off-market-sw.de\/index.php\/kontakt\/\"]}]},{\"@type\":\"BreadcrumbList\",\"@id\":\"https:\/\/www.off-market-sw.de\/index.php\/kontakt\/#breadcrumb\",\"itemListElement\":[{\"@type\":\"ListItem\",\"position\":1,\"name\":\"Startseite\",\"item\":\"https:\/\/www.off-market-sw.de\/\"},{\"@type\":\"ListItem\",\"position\":2,\"name\":\"Kontakt\"}]},{\"@type\":\"WebSite\",\"@id\":\"https:\/\/www.off-market-sw.de\/#website\",\"url\":\"https:\/\/www.off-market-sw.de\/\",\"name\":\"Off-Market S\u00fcdWest Deutschland\",\"description\":\"Diskrete Immobilienvermittlung\",\"potentialAction\":[{\"@type\":\"SearchAction\",\"target\":{\"@type\":\"EntryPoint\",\"urlTemplate\":\"https:\/\/www.off-market-sw.de\/?s={search_term_string}\"},\"query-input\":{\"@type\":\"PropertyValueSpecification\",\"valueRequired\":true,\"valueName\":\"search_term_string\"}}],\"inLanguage\":\"de\"}]}<\/script>\n<!-- \/ Yoast SEO plugin. -->","yoast_head_json":{"title":"Kontakt | Diskrete Immobilienvermittlung","description":"Imobilienvermittlung von Mehrfamilienh\u00e4user, Wohn und Gesch\u00e4ftsh\u00e4user, Wohnanlagen Gewerbeobjekte \u2013 Einkaufszentren, Produktionsobjekte, Logistikfl\u00e4chen, Kontakt hier!","robots":{"index":"index","follow":"follow","max-snippet":"max-snippet:-1","max-image-preview":"max-image-preview:large","max-video-preview":"max-video-preview:-1"},"canonical":"https:\/\/www.off-market-sw.de\/index.php\/kontakt\/","og_locale":"de_DE","og_type":"article","og_title":"Kontakt | Diskrete Immobilienvermittlung","og_description":"Imobilienvermittlung von Mehrfamilienh\u00e4user, Wohn und Gesch\u00e4ftsh\u00e4user, Wohnanlagen Gewerbeobjekte \u2013 Einkaufszentren, Produktionsobjekte, Logistikfl\u00e4chen, Kontakt hier!","og_url":"https:\/\/www.off-market-sw.de\/index.php\/kontakt\/","og_site_name":"Off-Market S\u00fcdWest Deutschland","article_modified_time":"2018-02-11T14:58:15+00:00","twitter_card":"summary_large_image","twitter_misc":{"Gesch\u00e4tzte Lesezeit":"1\u00a0Minute"},"schema":{"@context":"https:\/\/schema.org","@graph":[{"@type":"WebPage","@id":"https:\/\/www.off-market-sw.de\/index.php\/kontakt\/","url":"https:\/\/www.off-market-sw.de\/index.php\/kontakt\/","name":"Kontakt | Diskrete Immobilienvermittlung","isPartOf":{"@id":"https:\/\/www.off-market-sw.de\/#website"},"datePublished":"2016-06-19T14:19:18+00:00","dateModified":"2018-02-11T14:58:15+00:00","description":"Imobilienvermittlung von Mehrfamilienh\u00e4user, Wohn und Gesch\u00e4ftsh\u00e4user, Wohnanlagen Gewerbeobjekte \u2013 Einkaufszentren, Produktionsobjekte, Logistikfl\u00e4chen, Kontakt hier!","breadcrumb":{"@id":"https:\/\/www.off-market-sw.de\/index.php\/kontakt\/#breadcrumb"},"inLanguage":"de","potentialAction":[{"@type":"ReadAction","target":["https:\/\/www.off-market-sw.de\/index.php\/kontakt\/"]}]},{"@type":"BreadcrumbList","@id":"https:\/\/www.off-market-sw.de\/index.php\/kontakt\/#breadcrumb","itemListElement":[{"@type":"ListItem","position":1,"name":"Startseite","item":"https:\/\/www.off-market-sw.de\/"},{"@type":"ListItem","position":2,"name":"Kontakt"}]},{"@type":"WebSite","@id":"https:\/\/www.off-market-sw.de\/#website","url":"https:\/\/www.off-market-sw.de\/","name":"Off-Market S\u00fcdWest Deutschland","description":"Diskrete Immobilienvermittlung","potentialAction":[{"@type":"SearchAction","target":{"@type":"EntryPoint","urlTemplate":"https:\/\/www.off-market-sw.de\/?s={search_term_string}"},"query-input":{"@type":"PropertyValueSpecification","valueRequired":true,"valueName":"search_term_string"}}],"inLanguage":"de"}]}},"_links":{"self":[{"href":"https:\/\/www.off-market-sw.de\/index.php\/wp-json\/wp\/v2\/pages\/110","targetHints":{"allow":["GET"]}}],"collection":[{"href":"https:\/\/www.off-market-sw.de\/index.php\/wp-json\/wp\/v2\/pages"}],"about":[{"href":"https:\/\/www.off-market-sw.de\/index.php\/wp-json\/wp\/v2\/types\/page"}],"author":[{"embeddable":true,"href":"https:\/\/www.off-market-sw.de\/index.php\/wp-json\/wp\/v2\/users\/1"}],"replies":[{"embeddable":true,"href":"https:\/\/www.off-market-sw.de\/index.php\/wp-json\/wp\/v2\/comments?post=110"}],"version-history":[{"count":8,"href":"https:\/\/www.off-market-sw.de\/index.php\/wp-json\/wp\/v2\/pages\/110\/revisions"}],"predecessor-version":[{"id":638,"href":"https:\/\/www.off-market-sw.de\/index.php\/wp-json\/wp\/v2\/pages\/110\/revisions\/638"}],"wp:attachment":[{"href":"https:\/\/www.off-market-sw.de\/index.php\/wp-json\/wp\/v2\/media?parent=110"}],"curies":[{"name":"wp","href":"https:\/\/api.w.org\/{rel}","templated":true}]}}